{"id":8395,"date":"2019-02-28T23:43:05","date_gmt":"2019-02-28T22:43:05","guid":{"rendered":"https:\/\/vontrott-lammek.de\/?page_id=8395\/"},"modified":"2025-07-02T14:01:57","modified_gmt":"2025-07-02T12:01:57","slug":"andreas-ingendoh-ll-m-2","status":"publish","type":"page","link":"https:\/\/vontrott-lammek.de\/en\/andreas-ingendoh-ll-m-2\/","title":{"rendered":"Andreas Ingendoh, LL.M."},"content":{"rendered":"<div class=\"wpb-content-wrapper\">[vc_row fullwidth=&#8221;true&#8221; fullwidth_content=&#8221;false&#8221; equal_columns=&#8221;true&#8221; css=&#8221;.vc_custom_1534338240609{background-color: #b79442 !important;}&#8221;][vc_column width=&#8221;1\/3&#8243; css=&#8221;.vc_custom_1534338140695{margin-bottom: 0px !important;border-bottom-width: 0px !important;padding-bottom: 0px !important;}&#8221;][vc_single_image image=&#8221;8112&#8243; img_size=&#8221;full&#8221; css=&#8221;.vc_custom_1538341706929{margin-top: 0px !important;margin-right: 0px !important;margin-bottom: 0px !important;margin-left: 0px !important;padding-top: 0px !important;padding-right: 0px !important;padding-bottom: 0px !important;padding-left: 0px !important;}&#8221;][\/vc_column][vc_column width=&#8221;2\/3&#8243; css=&#8221;.vc_custom_1537815572328{margin-top: 0px !important;margin-right: 0px !important;margin-bottom: 0px !important;margin-left: 0px !important;padding-top: 0px !important;padding-right: 0px !important;padding-bottom: 0px !important;padding-left: 0px !important;}&#8221;][mk_divider style=&#8221;padding_space&#8221;][mk_fancy_title color=&#8221;#ffffff&#8221; size=&#8221;16&#8243; font_weight=&#8221;500&#8243; txt_transform=&#8221;uppercase&#8221; letter_spacing=&#8221;2&#8243; font_family=&#8221;none&#8221;]Andreas Ingendoh, LL.M.[\/mk_fancy_title][mk_fancy_title color=&#8221;#ffffff&#8221; font_weight=&#8221;300&#8243; font_style=&#8221;normal&#8221; txt_transform=&#8221;none&#8221; margin_bottom=&#8221;0&#8243; font_family=&#8221;none&#8221;]Lawyer<br \/>\nCertified Lawyer for Construction and Architect Law<br \/>\nCertified Lawyer for Lease and Condominium Property Law[\/mk_fancy_title][mk_fancy_title color=&#8221;#ffffff&#8221; font_weight=&#8221;300&#8243; font_style=&#8221;normal&#8221; txt_transform=&#8221;none&#8221; margin_bottom=&#8221;0&#8243; font_family=&#8221;none&#8221;]Tel: +49 30 5900330-0 (switchboard)<br \/>\nTel: +49 30 5900330-77 \/ -65 (Frau Grimm\/Frau Kumutat)<br \/>\nFax: +49 30 5900330-99<br \/>\nE-Mail: <a href=\"mailto:aingendoh@vontrott-lammek.de\"><span style=\"color: #ffffff;\">aingendoh@vontrott-lammek.de<\/span><\/a>[\/mk_fancy_title][\/vc_column][\/vc_row][vc_row][vc_column][mk_padding_divider size=&#8221;85&#8243; visibility=&#8221;hidden-sm&#8221;][\/vc_column][\/vc_row][vc_row css=&#8221;.vc_custom_1538338229405{margin-bottom: 20px !important;}&#8221;][vc_column width=&#8221;1\/3&#8243;][mk_fancy_title strip_tags=&#8221;true&#8221; color=&#8221;#b79442&#8243; size=&#8221;16&#8243; font_weight=&#8221;500&#8243; txt_transform=&#8221;uppercase&#8221; letter_spacing=&#8221;2&#8243; margin_top=&#8221;20&#8243; margin_bottom=&#8221;0&#8243; font_family=&#8221;none&#8221; responsive_align=&#8221;left&#8221;]\n<div id=\"ueberschrift_div\">\n<p>Practice Areas<\/p>\n<\/div>\n[\/mk_fancy_title][vc_column_text css=&#8221;.vc_custom_1551393833405{margin-bottom: 0px !important;}&#8221;]\n<div id=\"inhalt_div\">\n<p>Development of real estate projects (Private Construction and Architect Law, Commercial Lease Law, Real Estate Brokerage Law) including litigation<\/p>\n<\/div>\n[\/vc_column_text][mk_fancy_title strip_tags=&#8221;true&#8221; color=&#8221;#b79442&#8243; size=&#8221;16&#8243; font_weight=&#8221;500&#8243; txt_transform=&#8221;uppercase&#8221; letter_spacing=&#8221;2&#8243; margin_top=&#8221;20&#8243; margin_bottom=&#8221;0&#8243; font_family=&#8221;none&#8221; responsive_align=&#8221;left&#8221;]\n<div id=\"ueberschrift_div\">\n<p>Languages<\/p>\n<\/div>\n[\/mk_fancy_title][vc_column_text css=&#8221;.vc_custom_1551393859754{margin-bottom: 0px !important;}&#8221;]German<br \/>\nEnglish<br \/>\nFrench[\/vc_column_text][mk_divider style=&#8221;padding_space&#8221; margin_top=&#8221;0&#8243;][\/vc_column][vc_column width=&#8221;1\/3&#8243;][mk_fancy_title strip_tags=&#8221;true&#8221; color=&#8221;#b79442&#8243; size=&#8221;16&#8243; font_weight=&#8221;500&#8243; txt_transform=&#8221;uppercase&#8221; letter_spacing=&#8221;2&#8243; margin_top=&#8221;20&#8243; margin_bottom=&#8221;0&#8243; font_family=&#8221;none&#8221; responsive_align=&#8221;left&#8221;]\n<div id=\"ueberschrift_div\">\n<p>Career<\/p>\n<\/div>\n[\/mk_fancy_title][vc_column_text disable_pattern=&#8221;false&#8221; css=&#8221;.vc_custom_1551393895788{margin-bottom: 0px !important;}&#8221;]\n<div id=\"inhalt_div\">\n<p>Legal studies in Munich and Passau, Lausanne and Freiburg i.Br.<\/p>\n<p>Master of Laws (LL.M.) in Real Estate Law at the University of M\u00fcnster<\/p>\n<p>2000 Attorney at a German and an international high-profile law firm<\/p>\n<p>Joined the firm in 2015 as partner<\/p>\n<\/div>\n[\/vc_column_text][\/vc_column][vc_column width=&#8221;1\/3&#8243;][mk_fancy_title strip_tags=&#8221;true&#8221; color=&#8221;#b79442&#8243; size=&#8221;16&#8243; font_weight=&#8221;500&#8243; txt_transform=&#8221;uppercase&#8221; letter_spacing=&#8221;2&#8243; margin_top=&#8221;20&#8243; margin_bottom=&#8221;0&#8243; font_family=&#8221;none&#8221; responsive_align=&#8221;left&#8221;]\n<div id=\"ueberschrift_div\">\n<p>Memberships<\/p>\n<\/div>\n[\/mk_fancy_title][vc_column_text disable_pattern=&#8221;false&#8221; css=&#8221;.vc_custom_1751457715380{margin-bottom: 0px !important;}&#8221;]\n<div id=\"inhalt_div\">\n<p>2009 \u2013 2025\u2002Member (Chair since 2017) of the Berlin Bar Association\u2019s Examination Board for Certified Specialist Lawyers in Tenancy and Condominium Law<\/p>\n<p>Working Groups Construction &amp; Real Estate Law and Lease Law &amp; Real Estate in the German Bar Association (Deutscher Anwaltverein)<\/p>\n<p>German Conference on Lease Law; German Conference on Construction Law<\/p>\n<p>German-French Lawyers Association<\/p>\n<\/div>\n[\/vc_column_text][\/vc_column][\/vc_row][vc_row][vc_column][mk_fancy_title strip_tags=&#8221;true&#8221; color=&#8221;#b79442&#8243; size=&#8221;16&#8243; font_weight=&#8221;500&#8243; txt_transform=&#8221;uppercase&#8221; letter_spacing=&#8221;2&#8243; margin_top=&#8221;20&#8243; margin_bottom=&#8221;0&#8243; font_family=&#8221;none&#8221; responsive_align=&#8221;left&#8221;]\n<div id=\"ueberschrift_div\">\n<p>Publications<\/p>\n<\/div>\n[\/mk_fancy_title][vc_column_text disable_pattern=&#8221;false&#8221; css=&#8221;.vc_custom_1538342311990{margin-bottom: 0px !important;}&#8221;]\n<div id=\"inhalt_div\">\n<p>Ingendoh, Andreas: \u201eEinschreibeklauseln\u201c in Mietvertr\u00e4gen, AZO, 11\/2010<\/p>\n<p>Ingendoh, Andreas: Betriebspflicht: Zu umfangreiche Auferlegung kann zur Unwirksamkeit f\u00fchren, Anm. zu KG Berlin, Urteil v. 05.03.2009, juris PraxisReport Miet- und Wohnungseigentumsrecht, 03\/2010<\/p>\n<p>Ingendoh, Andreas: Gesch\u00e4ftsraummiete: Anspruch des Vermieters auf Auskehr eines durch Untervermietung erzielten Mehrerl\u00f6ses nach Rechtsh\u00e4ngigkeit des R\u00fcckgabeanspruchs, Anm. zu BGH, Urteil v. 12.08.2009, juris PraxisReport Miet- und Wohnungseigentumrecht, 01\/2010<\/p>\n<p>Ingendoh, Andreas: Heilungsklauseln und Schriftformversto\u00df beim Gesch\u00e4ftsraummietvertrag \u2013 eine aktuelle Bestandsaufnahme, AZO, 24\/2009<\/p>\n<p>Ingendoh, Andreas: Zur H\u00f6he der Mietsicherheit in der Gesch\u00e4ftsraummiete, AZO, 20\/2009<\/p>\n<p>Ingendoh, Andreas: Gesch\u00e4ftsraummiete: Heilung von Schriftformm\u00e4ngeln durch Nachtragsvereinbarung, Anm. zu BGH, Urteil v. 29.04.2009, juris PraxisReport Miet- und Wohnungseigentumsrecht, 19\/2009<\/p>\n<p>Ingendoh, Andreas: Rechtsbeziehungen bei der Untervermietung von Gesch\u00e4ftsraum, AZO, 12\/2009<\/p>\n<p>Ingendoh, Andreas: Schriftform: Fehlerhafter Nachtrag kann zur (nachtr\u00e4glichen) Verletzung f\u00fchren, Anm. zu OLG Frankfurt, Urteil v. 27.03.2009, juris PraxisReport Miet- und Wohnungseigentumsrecht, 11\/2009<\/p>\n<p>Ingendoh, Amdreas: Wirksamkeit von Schriftformheilungsklauseln in Gesch\u00e4ftsraummietvertr\u00e4gen, Anm. zu LG Hamburg, Urteil v. 08.10.2008, juris PraxisReport Miet- und Wohnungseigentumsrecht, 08\/2009<\/p>\n<p>Ingendoh, Andreas: Durchsetzung einer Betriebspflicht mittels einstweiliger Verf\u00fcgung, Anm. zu OLG Frankfurt, Urteil v. 10.12.2008, juris PraxisReport Miet- und Wohnungseigentumsrecht, 07\/2009<\/p>\n<p>Ingendoh, Andreas: Umfang der allgemein auf den Mieter \u00fcbertragenen Sch\u00f6nheitsreparaturen bei Gewerberaummiete, Anm. zu BGH, Urteil v. 08.10.2008, juris PraxisReport Miet- und Wohnungseigentumsrecht, 06\/2009<\/p>\n<p>Ingendoh, Andreas und Michelsburg, Christoph: Modernisierung denkmalgesch\u00fctzter Wohngeb\u00e4ude \u2013 Mieterh\u00f6hung auch f\u00fcr die Sonderkosten?, Das Grundeigentum 2009, 696.<\/p>\n<p>Ingendoh, Andreas und Schimmel, Carsten: Wertsicherungsklauseln: Alle (5) Jahre wieder \u2026. \/ Mieterh\u00f6hung bei Gewerber\u00e4umen, Das Grundeigentum 2009, 427.<\/p>\n<p>Ingendoh, Andreas: Die Vereinbarung der Umlage \u201esonstiger Betriebskosten\u201c im Gesch\u00e4ftsraummietvertrag AZO, 08\/2008<\/p>\n<p>Ingendoh, Andreas: M\u00f6glichkeit der Ank\u00fcndigung und Durchf\u00fchrung von Modernisierungsarbeiten durch noch nicht eingetragenen Erwerber bei entsprechender Bevollm\u00e4chtigung, Anm. zu BGH, Urteil v. 13.02.2008<br \/>\njuris PraxisReport Miet- und Wohnungseigentumsrecht, 2008<\/p>\n<p>Ingendoh, Andreas: Berufung auf fehlende Schriftform trotz Heilungsklausel, Anm. zu OLG Rostock, Urteil v. 10.07.2008, juris PraxisReport Miet- und Wohnungseigentumsrecht, 24\/2008<\/p>\n<p>Ingendoh, Andreas: Voraussetzungen, Rechte &amp; Pflichten bei der Untervermietung von Gesch\u00e4ftsraum \u2013 Achtung vor der Untermietfalle bei der Gesch\u00e4ftsraumvermietung. AZO, 14\/2008<\/p>\n<p>Ingendoh, Andreas: Intransparenz des Begriffs \u201eVerwaltungskosten\u201c, Anm. zu OLG Rostock, Urteil v. 10.04.2008 juris PraxisReport Miet- und Wohnungseigentumsrecht, 13\/2008<\/p>\n<p>Ingendoh, Andreas: Keine K\u00fcndigung eines langfristigen Mietvertrages wegen Schriftformm\u00e4ngeln \u2013 trotz f\u00fcnffachen Ansatzes, Anm. zu OLG Naumburg, Urteil v. 25.09.2007 juris PraxisReport Miet- und Wohnungseigentumsrecht, 04\/2008<\/p>\n<p>Ingendoh, Andreas: Voraussetzungen und Rechtsfolgen der Befangenheit eines Schiedsgutachters (zusammen mit Marc R\u00f6bke), zugl. Anm. zu OLG M\u00fcnchen, Urt. v. 09.01.2008 ZfIR 2008, 727 ff.<\/p>\n<p>Ingendoh, Andreas: Zwangsvollstreckung zur Erwirkung der Herausgabe von Sachen, in: Beck\u2019sches Formularhandbuch Zwangsvollstreckung (Hrsg. Hasselblatt\/Sternal) M\u00fcnchen 2008, S. 1051 ff.<\/p>\n<p>Ingendoh, Andreas: Zwangsvollstreckung bei Abgabe einer Willenserkl\u00e4rung, in: Beck\u2019sches Formularhandbuch Zwangsvollstreckung (Hrsg. Hasselblatt\/Sternal) M\u00fcnchen 2008, S. 1121 ff.<\/p>\n<p>Ingendoh, Andreas: VOB\/B \u201eals Ganzes\u201c und \u201eAGB-Festigkeit\u201c einzelner VOB\/B-Klauseln (zusammen mit Ren\u00e9 Berger) ZfIR 2008, 691 ff.<\/p>\n<p>Ingendoh, Andreas: Modernisierung: Kein Ausschluss der Mieterh\u00f6hung trotz versp\u00e4teter Ank\u00fcndigung, Anm. zu BGH, Urteil v. 19.09.2007<br \/>\njuris PraxisReport Miet- und Wohnungseigentumsrecht, 01\/2008<\/p>\n<p>Ingendoh, Andreas: Rechtzeitiger Austausch der Vertragsurkunden. Anm. zu OLG Frankfurt, Urteil v. 21.02.2007<br \/>\njuris PraxisReport Miet- und Wohnungseigentumsrecht, 23\/2007<\/p>\n<p>Ingendoh, Andreas: Schriftform und kein Ende: Hinweis auch bei Vertretung einer GmbH erforderlich und wann ist eine darauf gest\u00fctzte K\u00fcndigung treuwidrig? Anm. zu LG Berlin, Urteil v. 21.12.2006<br \/>\njuris PraxisReport Miet- und Wohnungseigentumsrecht,<\/p>\n<p>Ingendoh, Andreas: Kein Zur\u00fcckbehaltungsrecht des Gesch\u00e4ftsraummieters an Kaution vor \u00dcbergabe der Mietsache. Anm. zu BGH, Urteil v. 21.03.2007<br \/>\njuris PraxisReport Miet- und Wohnungseigentumsrecht, 14\/2007<\/p>\n<p>Ingendoh, Andreas: Umlage von Verwaltungskosten auf Mieter in gewerblichem Mietvertrag. Anm. zu OLG K\u00f6ln, Urteil v. 04.07.2006<br \/>\njuris PraxisReport Miet- und Wohnungseigentumsrecht, 05\/2007<\/p>\n<p>Ingendoh, Andreas: Immobilienkauf: Haftungsausschluss und (arglistig) verschwiegene Baum\u00e4ngel bei Durchf\u00fchrung einer technischen K\u00e4ufer-Due-Dilligence (zusammen mit Ren\u00e9 Berger) BTR, Heft 1\/2007, S. 8 ff.<\/p>\n<p>Ingendoh, Andreas: Zur Unwirksamkeit von mietvertraglichen Verpflichtungen hinsichtlich des Beitritts zu Werbegemeinschaften in Einkaufszentren. Anm. zu BGH, Urteil v. 12.07.2006<br \/>\njuris PraxisReport Miet- und Wohnungseigentumsrecht, 24\/2006<\/p>\n<p>Ingendoh, Andreas: Keine Verletzung der Schriftform eines Gewerbemietvertrages durch widerspr\u00fcchliche Regelungen oder \u201eunwesentliche\u201c nachtr\u00e4gliche Mieterh\u00f6hungen. Anm. zu KG Berlin, Urteil v. 28.02.2005<br \/>\njuris PraxisReport Miet- und Wohnungseigentumsrecht, 2006<\/p>\n<p>Ingendoh, Andreas: Vorwegabzug der auf Gewerbeeinheiten entfallenden Kosten. Anm. zu LG Aachen, Urteil v. 22.06.2006<br \/>\njuris PraxisReport Miet- und Wohnungseigentumsrecht, 20\/2006<\/p>\n<p>Ingendoh, Andreas: Verlust der Wertsicherung bei Schriftformversto\u00df eines Gewerbemietvertrages. Anm. zu OLG Rostock, Urteil v. 10.01.2005<br \/>\njuris PraxisReport Miet- und Wohnungseigentumsrecht, 16\/2005<\/p>\n<p>Ingendoh, Andreas: Keine automatische Unverh\u00e4ltnism\u00e4\u00dfigkeit der M\u00e4ngelbeseitigung trotz Hundertfachem der Kosten im Verh\u00e4ltnis zum Minderungswert BTR, Heft 3\/2006, S. 129 ff.<\/p>\n<p>Ingendoh, Andreas: Reichweite von Regelungen der Pr\u00e4ambel eines Gesch\u00e4ftsraummietvertrages in einem Einkaufszentrum. Anm. zu BGH, Urteil v. 21.09.2005 juris PraxisReport Miet- und Wohnungseigentumsrecht, 10\/2006<\/p>\n<p>Ingendoh, Andreas: Es bleibt dabei \u2013 eine GbR kann nicht Verwalter einer WEG sein! BTR, Heft 2\/2006, S. 86 ff.<\/p>\n<p>Ingendoh, Andreas: Qualifizierte Schriftformklausel f\u00fcr die Behandlung von Nachtr\u00e4gen und Erforderlichkeit von Vertretungszus\u00e4tzen bei Vertragschluss f\u00fcr eine nur aus einer (juristischen) Person bestehenden Partei -. Anm. zu BGH, Urteil v. 06.04.2005<\/p>\n<p>Ingendoh, Andreas: Wahrung der Schriftform eines langfristigen Mietvertrages bei schriftlich vereinbartem einverst\u00e4ndlichen Mieterwechsel. Anm. zu BGH, Urteil v. 20.04.2005 juris PraxisReport Miet- und Wohnungseigentumsrecht, 2\/2006<\/p>\n<p>Ingendoh, Andreas: Doch kein \u201eendg\u00fcltiges Aus\u201c der Projektentwicklung \u2013 BGH st\u00e4rkt Rechtssicherheit bei der \u201eVermietung vom Rei\u00dfbrett\u201c<br \/>\nBTR, Heft 1\/2006, S. 31 ff.<\/p>\n<p>Ingendoh, Andreas: Fl\u00e4chenabweichung von mehr als 10% auch bei Gewerberaum immer ein Mangel \u2013 kein Bedarf mehr an einer Pr\u00fcfung der \u201eErheblichkeit\u201c der Beeintr\u00e4chtigung. Anm. zu BGH, Urteil v. 04.05.2005<br \/>\nBTR, Heft 4\/2005, S. 162 ff.<\/p>\n<p>Ingendoh, Andreas: Mietsicherheit durch B\u00fcrgschaft auf \u201eerstes Anfordern\u201c im Gewerbemietvertrag. Anm. zu OLG Karlsruhe, Urteil v. 02.07.2004<br \/>\njuris PraxisReport Miet- und Wohnungseigentumsrecht, 11\/2004<\/p>\n<p>Ingendoh, Andreas: Die neue Rechtsprechung des BGH zur Vereinbarung der VOB\/B \u201eals Ganzes\u201c und ihre Folgen f\u00fcr die Vertragsgestaltung, in:<br \/>\nDer Bautr\u00e4ger, Heft 3\/2004, S. 115 ff.<\/p>\n<p>Ingendoh, Andreas: Mietrechtliche Folgen der Denkmalsanierung, in:<br \/>\nRechtshandbuch Denkmalschutz und Sanierung (Hrsg. Basty\/Beck\/Haa\u00df), Berlin 2004, S. 285 ff.<\/p>\n<p>Ingendoh, Andreas: Mieterh\u00f6hung nach Modernisierung denkmalgesch\u00fctzter Wohngeb\u00e4ude, in: Der Bautr\u00e4ger, November\/Dezember 2003, S. 264 ff.<\/p>\n<p>Ingendoh, Andreas: Die neue Wohnfl\u00e4chenverordnung (WoFlVO). Inhalt, Anwendungsbereich und praktische Folgen<\/p>\n<p>Ingendoh, Andreas und Bieber, H.-J.: \u201eGesch\u00e4ftsraummiete\u201c, dt. Anwaltsverlag.<\/p>\n<p>Ingendoh, Andreas; Hasselblatt; Sternal: \u201eZwangsvollstreckung\u201c<\/p>\n<p>Ingendoh, Andreas; Basty; Beck; Haas: \u201eRechtshandbuch Denkmalschutz und Sanierung\u201c<\/p>\n<\/div>\n[\/vc_column_text][\/vc_column][\/vc_row]\n<\/div>","protected":false},"excerpt":{"rendered":"<p>[vc_row fullwidth=&#8221;true&#8221; fullwidth_content=&#8221;false&#8221; equal_columns=&#8221;true&#8221; css=&#8221;.vc_custom_1534338240609{background-color: #b79442 !important;}&#8221;][vc_column width=&#8221;1\/3&#8243; css=&#8221;.vc_custom_1534338140695{margin-bottom: 0px !important;border-bottom-width: 0px !important;padding-bottom: 0px !important;}&#8221;][vc_single_image image=&#8221;8112&#8243; img_size=&#8221;full&#8221; css=&#8221;.vc_custom_1538341706929{margin-top: 0px !important;margin-right: 0px !important;margin-bottom: 0px !important;margin-left: 0px !important;padding-top: 0px !important;padding-right: 0px !important;padding-bottom: 0px !important;padding-left: 0px !important;}&#8221;][\/vc_column][vc_column width=&#8221;2\/3&#8243; css=&#8221;.vc_custom_1537815572328{margin-top: 0px !important;margin-right: 0px !important;margin-bottom: 0px !important;margin-left: 0px !important;padding-top: 0px !important;padding-right: 0px !important;padding-bottom: 0px !important;padding-left: 0px !important;}&#8221;][mk_divider style=&#8221;padding_space&#8221;][mk_fancy_title color=&#8221;#ffffff&#8221; size=&#8221;16&#8243; [&hellip;]<\/p>\n","protected":false},"author":1,"featured_media":0,"parent":0,"menu_order":0,"comment_status":"closed","ping_status":"closed","template":"","meta":{"footnotes":""},"class_list":["post-8395","page","type-page","status-publish","hentry"],"_links":{"self":[{"href":"https:\/\/vontrott-lammek.de\/en\/wp-json\/wp\/v2\/pages\/8395","targetHints":{"allow":["GET"]}}],"collection":[{"href":"https:\/\/vontrott-lammek.de\/en\/wp-json\/wp\/v2\/pages"}],"about":[{"href":"https:\/\/vontrott-lammek.de\/en\/wp-json\/wp\/v2\/types\/page"}],"author":[{"embeddable":true,"href":"https:\/\/vontrott-lammek.de\/en\/wp-json\/wp\/v2\/users\/1"}],"replies":[{"embeddable":true,"href":"https:\/\/vontrott-lammek.de\/en\/wp-json\/wp\/v2\/comments?post=8395"}],"version-history":[{"count":8,"href":"https:\/\/vontrott-lammek.de\/en\/wp-json\/wp\/v2\/pages\/8395\/revisions"}],"predecessor-version":[{"id":8735,"href":"https:\/\/vontrott-lammek.de\/en\/wp-json\/wp\/v2\/pages\/8395\/revisions\/8735"}],"wp:attachment":[{"href":"https:\/\/vontrott-lammek.de\/en\/wp-json\/wp\/v2\/media?parent=8395"}],"curies":[{"name":"wp","href":"https:\/\/api.w.org\/{rel}","templated":true}]}}